{"id":31,"date":"2022-03-18T13:49:08","date_gmt":"2022-03-18T13:49:08","guid":{"rendered":"http:\/\/isca.edu.ar\/?page_id=31"},"modified":"2024-05-28T14:51:52","modified_gmt":"2024-05-28T14:51:52","slug":"ideario-institucional","status":"publish","type":"page","link":"https:\/\/isca.edu.ar\/?page_id=31","title":{"rendered":"Ideario Institucional"},"content":{"rendered":"\n<div class=\"wp-block-media-text alignwide is-stacked-on-mobile\"><figure class=\"wp-block-media-text__media\"><img loading=\"lazy\" width=\"1024\" height=\"576\" src=\"http:\/\/isca.edu.ar\/wp-content\/uploads\/2022\/03\/10482486_675111619233933_7477610105991619680_o-1024x576.jpg\" alt=\"\" class=\"wp-image-158 size-full\" srcset=\"https:\/\/isca.edu.ar\/wp-content\/uploads\/2022\/03\/10482486_675111619233933_7477610105991619680_o-1024x576.jpg 1024w, https:\/\/isca.edu.ar\/wp-content\/uploads\/2022\/03\/10482486_675111619233933_7477610105991619680_o-300x169.jpg 300w, https:\/\/isca.edu.ar\/wp-content\/uploads\/2022\/03\/10482486_675111619233933_7477610105991619680_o-768x432.jpg 768w, https:\/\/isca.edu.ar\/wp-content\/uploads\/2022\/03\/10482486_675111619233933_7477610105991619680_o-1536x864.jpg 1536w, https:\/\/isca.edu.ar\/wp-content\/uploads\/2022\/03\/10482486_675111619233933_7477610105991619680_o.jpg 2048w\" sizes=\"(max-width: 1024px) 100vw, 1024px\" \/><\/figure><div class=\"wp-block-media-text__content\">\n<p style=\"font-size:15px\">La educaci\u00f3n es un valor que se debe cuidar, promover y estimular. El complejo contexto en el que vivimos nos obliga a posicionarnos en la realidad con una presencia alternativa, evang\u00e9lica y transformadora. <\/p>\n\n\n\n<p style=\"font-size:15px\">Es responsabilidad de los Centros Educativos Franciscanos Rubattianos promover un modelo de educaci\u00f3n integral, mediante un encuentro cr\u00edtico, vivo y vital. <\/p>\n\n\n\n<p style=\"font-size:15px\"><strong>Nos proponemos ser un espacio insustituible para \u201caprender a aprender, aprender a vivir juntos, aprender a conocer, aprender a hacer, aprender a ser\u201d.<\/strong><\/p>\n<\/div><\/div>\n\n\n\n<div class=\"wp-block-media-text alignwide has-media-on-the-right is-stacked-on-mobile\"><figure class=\"wp-block-media-text__media\"><img loading=\"lazy\" width=\"1024\" height=\"683\" src=\"http:\/\/isca.edu.ar\/wp-content\/uploads\/2024\/05\/baner-web-1024x683.jpg\" alt=\"\" class=\"wp-image-182 size-full\" srcset=\"https:\/\/isca.edu.ar\/wp-content\/uploads\/2024\/05\/baner-web-1024x683.jpg 1024w, https:\/\/isca.edu.ar\/wp-content\/uploads\/2024\/05\/baner-web-300x200.jpg 300w, https:\/\/isca.edu.ar\/wp-content\/uploads\/2024\/05\/baner-web-768x512.jpg 768w, https:\/\/isca.edu.ar\/wp-content\/uploads\/2024\/05\/baner-web-600x400.jpg 600w, https:\/\/isca.edu.ar\/wp-content\/uploads\/2024\/05\/baner-web.jpg 1080w\" sizes=\"(max-width: 1024px) 100vw, 1024px\" \/><\/figure><div class=\"wp-block-media-text__content\">\n<p><\/p>\n\n\n\n<p>\u201cSujetos activos, hist\u00f3ricos, con capacidad para el cuidado, la creaci\u00f3n y la transformaci\u00f3n del mundo que habitan. Est\u00e1n llamados, entonces, a vivir la fraternidad universal, desarrollando una actitud de encuentro, ternura, audacia y acogida en un clima de alegr\u00eda y sencillez.<\/p>\n\n\n\n<p>Sujetos libres en la medida que son capaces de asumir la responsabilidad de su propia elecci\u00f3n. (\u2026) Humanos entre humanos, inscriben desde la corporeidad su apertura a la trascendencia como una b\u00fasqueda incesante del sentido de su propia existencia\u201d (Ideario, pp. 14-15)<\/p>\n<\/div><\/div>\n","protected":false},"excerpt":{"rendered":"<p>La educaci\u00f3n es un valor que se debe cuidar, promover y estimular. El complejo contexto en el que vivimos nos obliga a posicionarnos en la realidad con una presencia alternativa, evang\u00e9lica y transformadora. Es responsabilidad de los Centros Educativos Franciscanos Rubattianos promover un modelo de educaci\u00f3n integral, mediante un encuentro cr\u00edtico, vivo y vital. Nos proponemos ser un espacio insustituible [&hellip;]<\/p>\n","protected":false},"author":1,"featured_media":0,"parent":0,"menu_order":0,"comment_status":"closed","ping_status":"closed","template":"page-templates\/full-width.php","meta":[],"_links":{"self":[{"href":"https:\/\/isca.edu.ar\/index.php?rest_route=\/wp\/v2\/pages\/31"}],"collection":[{"href":"https:\/\/isca.edu.ar\/index.php?rest_route=\/wp\/v2\/pages"}],"about":[{"href":"https:\/\/isca.edu.ar\/index.php?rest_route=\/wp\/v2\/types\/page"}],"author":[{"embeddable":true,"href":"https:\/\/isca.edu.ar\/index.php?rest_route=\/wp\/v2\/users\/1"}],"replies":[{"embeddable":true,"href":"https:\/\/isca.edu.ar\/index.php?rest_route=%2Fwp%2Fv2%2Fcomments&post=31"}],"version-history":[{"count":9,"href":"https:\/\/isca.edu.ar\/index.php?rest_route=\/wp\/v2\/pages\/31\/revisions"}],"predecessor-version":[{"id":183,"href":"https:\/\/isca.edu.ar\/index.php?rest_route=\/wp\/v2\/pages\/31\/revisions\/183"}],"wp:attachment":[{"href":"https:\/\/isca.edu.ar\/index.php?rest_route=%2Fwp%2Fv2%2Fmedia&parent=31"}],"curies":[{"name":"wp","href":"https:\/\/api.w.org\/{rel}","templated":true}]}}