{"id":29,"date":"2022-03-18T13:48:33","date_gmt":"2022-03-18T13:48:33","guid":{"rendered":"http:\/\/isca.edu.ar\/?page_id=29"},"modified":"2022-03-23T16:08:48","modified_gmt":"2022-03-23T16:08:48","slug":"comunidad-de-hermanas-capuchinas","status":"publish","type":"page","link":"https:\/\/isca.edu.ar\/?page_id=29","title":{"rendered":"Hermanas Capuchinas de la Madre Rubatto"},"content":{"rendered":"\n<div class=\"wp-block-media-text is-stacked-on-mobile is-vertically-aligned-center\" style=\"grid-template-columns:22% auto\"><figure class=\"wp-block-media-text__media\"><img loading=\"lazy\" width=\"542\" height=\"768\" src=\"http:\/\/isca.edu.ar\/wp-content\/uploads\/2022\/03\/6-Beata-Maria-Francisca-de-JesusAna-Maria-Rubatto-6.jpg\" alt=\"\" class=\"wp-image-144 size-full\" srcset=\"https:\/\/isca.edu.ar\/wp-content\/uploads\/2022\/03\/6-Beata-Maria-Francisca-de-JesusAna-Maria-Rubatto-6.jpg 542w, https:\/\/isca.edu.ar\/wp-content\/uploads\/2022\/03\/6-Beata-Maria-Francisca-de-JesusAna-Maria-Rubatto-6-212x300.jpg 212w\" sizes=\"(max-width: 542px) 100vw, 542px\" \/><\/figure><div class=\"wp-block-media-text__content\">\n<p style=\"font-size:14px\">La <strong>Congregaci\u00f3n de las Hermanas Capuchinas de la Madre\u00a0Rubatto<\/strong>\u00a0fue fundada el 23 de enero de 1885 por Ana Mar\u00eda\u00a0Rubatto,\u00a0 quien en ese momento\u00a0tom\u00f3 el nombre de Hna. Mar\u00eda Francisca de Jes\u00fas. El camino empez\u00f3 con una\u00a0casa en una peque\u00f1a ciudad  llamada\u00a0Loano.\u00a0\u00a0<\/p>\n\n\n\n<p style=\"font-size:14px\">La <strong>Madre Francisca<\/strong> comenz\u00f3 esta \u201cnueva etapa\u201d de su vida con 40 a\u00f1os. Hab\u00eda nacido y vivido su infancia y adolescencia en\u00a0Carmagnola.   <\/p>\n\n\n\n<p>&nbsp;&nbsp;&nbsp;<\/p>\n<\/div><\/div>\n\n\n\n<div class=\"wp-block-media-text has-media-on-the-right is-stacked-on-mobile\"><figure class=\"wp-block-media-text__media\"><img loading=\"lazy\" width=\"900\" height=\"600\" src=\"http:\/\/isca.edu.ar\/wp-content\/uploads\/2022\/03\/capus1.jpg\" alt=\"\" class=\"wp-image-146 size-full\" srcset=\"https:\/\/isca.edu.ar\/wp-content\/uploads\/2022\/03\/capus1.jpg 900w, https:\/\/isca.edu.ar\/wp-content\/uploads\/2022\/03\/capus1-300x200.jpg 300w, https:\/\/isca.edu.ar\/wp-content\/uploads\/2022\/03\/capus1-768x512.jpg 768w, https:\/\/isca.edu.ar\/wp-content\/uploads\/2022\/03\/capus1-600x400.jpg 600w\" sizes=\"(max-width: 900px) 100vw, 900px\" \/><\/figure><div class=\"wp-block-media-text__content\">\n<p class=\"has-small-font-size\">La Congregaci\u00f3n fue creciendo r\u00e1pidamente, tanto en Italia como en Am\u00e9rica Latina.<strong> La Madre Francisca cruz\u00f3 siete veces el Oc\u00e9ano Atl\u00e1ntico para fundar casas<\/strong>, y dar una respuesta a las necesidades de las personas de aquel tiempo y de los distintos lugares. En menos de veinte a\u00f1os fund\u00f3 veinte obras, de las cuales algunas contin\u00faan hasta el d\u00eda de hoy. A lo largo de la historia de estos  a\u00f1os surgieron m\u00e1s\u00a0obras y actualmente la congregaci\u00f3n est\u00e1 presente en <strong>Italia, Uruguay, Argentina, Brasil, Per\u00fa, Eritrea, Etiopia, Kenia, Malawi y Camer\u00fan.<\/strong><\/p>\n<\/div><\/div>\n\n\n\n<div class=\"wp-block-media-text alignwide is-stacked-on-mobile\" style=\"grid-template-columns:24% auto\"><figure class=\"wp-block-media-text__media\"><img loading=\"lazy\" width=\"724\" height=\"1024\" src=\"http:\/\/isca.edu.ar\/wp-content\/uploads\/2022\/03\/madre-francisca-2022-724x1024.jpg\" alt=\"\" class=\"wp-image-150 size-full\" srcset=\"https:\/\/isca.edu.ar\/wp-content\/uploads\/2022\/03\/madre-francisca-2022-724x1024.jpg 724w, https:\/\/isca.edu.ar\/wp-content\/uploads\/2022\/03\/madre-francisca-2022-212x300.jpg 212w, https:\/\/isca.edu.ar\/wp-content\/uploads\/2022\/03\/madre-francisca-2022-768x1086.jpg 768w, https:\/\/isca.edu.ar\/wp-content\/uploads\/2022\/03\/madre-francisca-2022-1086x1536.jpg 1086w, https:\/\/isca.edu.ar\/wp-content\/uploads\/2022\/03\/madre-francisca-2022-1448x2048.jpg 1448w, https:\/\/isca.edu.ar\/wp-content\/uploads\/2022\/03\/madre-francisca-2022-scaled.jpg 1810w\" sizes=\"(max-width: 724px) 100vw, 724px\" \/><\/figure><div class=\"wp-block-media-text__content\">\n<p class=\"has-large-font-size\"><strong>Santa Francisca Rubatto<\/strong><\/p>\n\n\n\n<p class=\"has-small-font-size\">El 22 de febrero de 2020 el Vaticano hizo p\u00fablico el decreto que\u00a0aprob\u00f3\u00a0el milagro atribuido a la intercesi\u00f3n de la  Madre Francisca. La Madre Francisca\u00a0Rubatto\u00a0hab\u00eda sido beatificada por el Papa Juan Pablo II el 10 de octubre de 1993.\u00a0\u00a0<\/p>\n\n\n\n<p class=\"has-small-font-size\">Unos diez a\u00f1os despu\u00e9s el Vaticano recibi\u00f3 el expediente con el que ser\u00eda el milagro que dar\u00eda cauce a la canonizaci\u00f3n. Se trata de un joven de Colonia (Uruguay) que tuvo un accidente de tr\u00e1nsito y qued\u00f3 en coma, con m\u00faltiples lesiones. Una t\u00eda suya, vinculada a los colegios de las capuchinas, comenz\u00f3 a rezar a la Madre Francisca. El joven despert\u00f3 sin secuelas y los m\u00e9dicos dieron fe de que no hab\u00eda explicaci\u00f3n cient\u00edfica para semejante\u00a0evoluci\u00f3n<\/p>\n<\/div><\/div>\n\n\n\n<p><\/p>\n","protected":false},"excerpt":{"rendered":"<p>La Congregaci\u00f3n de las Hermanas Capuchinas de la Madre\u00a0Rubatto\u00a0fue fundada el 23 de enero de 1885 por Ana Mar\u00eda\u00a0Rubatto,\u00a0 quien en ese momento\u00a0tom\u00f3 el nombre de Hna. Mar\u00eda Francisca de Jes\u00fas. El camino empez\u00f3 con una\u00a0casa en una peque\u00f1a ciudad llamada\u00a0Loano.\u00a0\u00a0 La Madre Francisca comenz\u00f3 esta \u201cnueva etapa\u201d de su vida con 40 a\u00f1os. Hab\u00eda nacido y vivido su infancia [&hellip;]<\/p>\n","protected":false},"author":1,"featured_media":0,"parent":0,"menu_order":0,"comment_status":"closed","ping_status":"closed","template":"page-templates\/full-width-container.php","meta":[],"_links":{"self":[{"href":"https:\/\/isca.edu.ar\/index.php?rest_route=\/wp\/v2\/pages\/29"}],"collection":[{"href":"https:\/\/isca.edu.ar\/index.php?rest_route=\/wp\/v2\/pages"}],"about":[{"href":"https:\/\/isca.edu.ar\/index.php?rest_route=\/wp\/v2\/types\/page"}],"author":[{"embeddable":true,"href":"https:\/\/isca.edu.ar\/index.php?rest_route=\/wp\/v2\/users\/1"}],"replies":[{"embeddable":true,"href":"https:\/\/isca.edu.ar\/index.php?rest_route=%2Fwp%2Fv2%2Fcomments&post=29"}],"version-history":[{"count":8,"href":"https:\/\/isca.edu.ar\/index.php?rest_route=\/wp\/v2\/pages\/29\/revisions"}],"predecessor-version":[{"id":213,"href":"https:\/\/isca.edu.ar\/index.php?rest_route=\/wp\/v2\/pages\/29\/revisions\/213"}],"wp:attachment":[{"href":"https:\/\/isca.edu.ar\/index.php?rest_route=%2Fwp%2Fv2%2Fmedia&parent=29"}],"curies":[{"name":"wp","href":"https:\/\/api.w.org\/{rel}","templated":true}]}}